{"id":3156,"date":"2024-12-13T10:30:59","date_gmt":"2024-12-13T09:30:59","guid":{"rendered":"https:\/\/ftpi.eu\/?page_id=3156"},"modified":"2024-12-13T10:36:43","modified_gmt":"2024-12-13T09:36:43","slug":"mentions-legales","status":"publish","type":"page","link":"https:\/\/ftpi.eu\/?page_id=3156","title":{"rendered":"Mentions l\u00e9gales"},"content":{"rendered":"\t\t<div data-elementor-type=\"wp-page\" data-elementor-id=\"3156\" class=\"elementor elementor-3156\" data-elementor-post-type=\"page\">\n\t\t\t\t\t\t<section class=\"elementor-section elementor-top-section elementor-element elementor-element-9415b56 elementor-section-boxed elementor-section-height-default elementor-section-height-default\" data-id=\"9415b56\" data-element_type=\"section\" data-e-type=\"section\">\n\t\t\t\t\t\t<div class=\"elementor-container elementor-column-gap-default\">\n\t\t\t\t\t<div class=\"elementor-column elementor-col-100 elementor-top-column elementor-element elementor-element-528ddcc\" data-id=\"528ddcc\" data-element_type=\"column\" data-e-type=\"column\">\n\t\t\t<div class=\"elementor-widget-wrap elementor-element-populated\">\n\t\t\t\t\t\t<div class=\"elementor-element elementor-element-26ffd3b elementor-widget elementor-widget-text-editor\" data-id=\"26ffd3b\" data-element_type=\"widget\" data-e-type=\"widget\" data-widget_type=\"text-editor.default\">\n\t\t\t\t<div class=\"elementor-widget-container\">\n\t\t\t\t\t\t\t\t\t<p><strong>Mentions l\u00e9gales<\/strong><\/p><p><strong>Pr\u00e9sentation de ce site web<\/strong><\/p><p>Le site \u00a0<a href=\"http:\/\/www.ftpi.eu\">www.ftpi.eu<\/a> est essentiellement un site institutionnel. Il a pour finalit\u00e9s de :<\/p><p>Pr\u00e9senter la Soci\u00e9t\u00e9 FTP INFORMATIQUE, ses valeurs, ses activit\u00e9s<\/p><p>Fournir des renseignements pratiques sur l\u2019entreprise<\/p><p>Informer le public sur l\u2019actualit\u00e9 dans les domaines d\u2019expertise de l\u2019entreprise<\/p><p>Informer le public sur la vie de l\u2019entreprise et ses collaborateurs<\/p><p>Permettre aux personnes qui le souhaitent d\u2019entrer en contact avec l\u2019entreprise.<\/p><p><strong>Nom de l\u2019entreprise, forme juridique et capital social<\/strong><\/p><p>FTP Informatique SARL<br \/>Soci\u00e9t\u00e9 Anonyme \u00e0 Responsabilit\u00e9 Limit\u00e9e<br \/>Capital social : 30\u00a0000 \u20ac<\/p><p><strong>Si\u00e8ge social<\/strong><\/p><p>FTP Informatique.<br \/>2 All\u00e9e Claude Mora \u2013 \u00a040000 Mont-de-Marsan<\/p><p><strong>Num\u00e9ro d\u2019identification de l\u2019entreprise<\/strong><\/p><p>487\u00a0695 082 RCS Mont de Marsan (France)<\/p><p><strong>N\u00b0 de TVA intracommunautaire<\/strong><\/p><p>FR 17\u00a0487\u00a0695\u00a0082<\/p><p><strong>Directeur de la Publication<\/strong><\/p><p>Santiago VADILLO LABRADO, G\u00e9rant de la SARL FTPI<\/p><p><strong>Dispositions g\u00e9n\u00e9rales<\/strong><\/p><p>L\u2019acc\u00e8s et l\u2019utilisation de ce site sont soumis aux conditions suivantes ainsi qu\u2019aux dispositions l\u00e9gales en vigueur. En acc\u00e9dant et naviguant sur ce site, vous acceptez, sans limitation ni r\u00e9serves, ces conditions et vous reconnaissez qu\u2019elles pr\u00e9valent sur tous autres accords \u00e9ventuels entre nous.<\/p><p>Le contenu de ce site web peut \u00eatre modifi\u00e9 ou mis \u00e0 jour sans pr\u00e9avis et ne correspond en aucun cas \u00e0 un engagement contractuel.<\/p><p>L\u2019ensemble de ce site rel\u00e8ve de la l\u00e9gislation fran\u00e7aise et internationale sur le droit d\u2019auteur et la propri\u00e9t\u00e9 intellectuelle.<\/p><p>Tous les droits de reproduction sont r\u00e9serv\u00e9s, y compris pour les documents t\u00e9l\u00e9chargeables et les repr\u00e9sentations iconographiques et photographiques. Le contenu du site (textes, images, vid\u00e9os, logos, etc.) est la propri\u00e9t\u00e9 exclusive de FTPI, sauf mention contraire. Toute reproduction ou repr\u00e9sentation, en tout ou en partie, est interdite sans autorisation pr\u00e9alable. Toute reproduction totale ou partielle du contenu du site, et notamment des marques et logos y figurant, est strictement interdite et est susceptible de constituer un d\u00e9lit de contrefa\u00e7on.<\/p><p><strong>Donn\u00e9es \u00e0 caract\u00e8re personnel collect\u00e9es sur le site<\/strong><\/p><p>Nous sommes tr\u00e8s attentifs \u00e0 la protection de la vie priv\u00e9e des visiteurs de notre site Internet. Nous collectons des donn\u00e9es \u00e0 caract\u00e8re personnel vous concernant au travers de diff\u00e9rents formulaires de contact accessibles sur notre site. Les finalit\u00e9s et les conditions de ces traitements sont port\u00e9es \u00e0 votre connaissance \u00e0 proximit\u00e9 de chacun de ces formulaires, et FTPI s\u2019interdit toute autre utilisation que celles d\u00e9crites. Les donn\u00e9es collect\u00e9es sont celles qui sont strictement n\u00e9cessaires \u00e0 la finalit\u00e9 du traitement.<\/p><p>En soumettant vos donn\u00e9es, vous reconnaissez avoir compris le traitement qui en est fait et y consentir dans les conditions indiqu\u00e9es.<\/p><p>Vous \u00eates inform\u00e9s que vous \u00eates pleinement responsable des donn\u00e9es volontairement communiqu\u00e9es sur le site, notamment sous la forme de commentaires libres ou de pi\u00e8ces jointes. Ainsi, vous ne devez pas y inclure de donn\u00e9es personnelles sensibles telles que : mots de passe, identifiants gouvernementaux (comme les num\u00e9ros de s\u00e9curit\u00e9 sociale, de permis de conduire, ou les num\u00e9ros d\u2019identification de contribuable), num\u00e9ros de carte de cr\u00e9dit ou de compte bancaire, informations m\u00e9dicales, informations biom\u00e9triques, opinions politiques ou religieuses, orientation sexuelle, donn\u00e9es sur des condamnations.<\/p><p>Par ailleurs, les donn\u00e9es suivantes sont collect\u00e9es automatiquement du fait de vos actions sur le site : Adresse IP source, URL de la page visit\u00e9e, temps de consultation, date et heure de la visite. Ces donn\u00e9es sont exploit\u00e9es uniquement aux fins de statistiques g\u00e9n\u00e9rales.<\/p><p>Conform\u00e9ment \u00e0 la loi \u00ab Informatique et Libert\u00e9s \u00bb du 6 janvier 1978 modifi\u00e9e et au R\u00e8glement G\u00e9n\u00e9ral sur la Protection des Donn\u00e9es (RGPD), vous disposez d\u2019un droit d&rsquo;acc\u00e8s, de rectification, de suppression et d\u2019opposition aux donn\u00e9es personnelles les concernant.<br \/>vous disposez d\u2019un droit d\u2019acc\u00e8s, de portabilit\u00e9, de rectification, d\u2019effacement des donn\u00e9es \u00e0 Caract\u00e8re Personnel vous concernant, ainsi que d\u2019un droit de limitation et d\u2019opposition aux traitements.<\/p><p>Pour l\u2019exercice de ces droits, veuillez envoyer une demande \u00e0 l&rsquo;adresse suivante : rgpd@ftpi.fr<\/p><p><strong>Proc\u00e9dure d\u2019alerte<\/strong><\/p><p>Pour tout commentaire ou signalement de comportements inappropri\u00e9s de collaborateurs FTPI en termes d\u2019\u00e9thique, de respect des droits de l\u2019homme, de s\u00e9curit\u00e9, de discrimination, ainsi que pour signaler des cas de violations de donn\u00e9es \u00e0 caract\u00e8re personnel, vous pouvez nous contacter au 05 58 51 50 50.<\/p><p><strong>Cr\u00e9dits<\/strong><\/p><p>Conception du site, ligne \u00e9ditoriale, r\u00e9daction des contenus :<br \/>Service Communication \u2013 communication@ftpi.fr<\/p><p>\u00a0<\/p><p>\u00a0<\/p>\t\t\t\t\t\t\t\t<\/div>\n\t\t\t\t<\/div>\n\t\t\t\t\t<\/div>\n\t\t<\/div>\n\t\t\t\t\t<\/div>\n\t\t<\/section>\n\t\t\t\t<\/div>\n\t\t","protected":false},"excerpt":{"rendered":"<p>Mentions l\u00e9gales Pr\u00e9sentation de ce site web Le site \u00a0www.ftpi.eu est essentiellement un site institutionnel. Il a pour finalit\u00e9s de : Pr\u00e9senter la Soci\u00e9t\u00e9 FTP INFORMATIQUE, ses valeurs, ses activit\u00e9s Fournir des renseignements pratiques sur l\u2019entreprise Informer le public sur l\u2019actualit\u00e9 dans les domaines d\u2019expertise de l\u2019entreprise Informer le public sur la vie de l\u2019entreprise [&hellip;]<\/p>\n","protected":false},"author":1,"featured_media":0,"parent":0,"menu_order":0,"comment_status":"closed","ping_status":"closed","template":"","meta":{"om_disable_all_campaigns":false,"_monsterinsights_skip_tracking":false,"_monsterinsights_sitenote_active":false,"_monsterinsights_sitenote_note":"","_monsterinsights_sitenote_category":0,"footnotes":""},"class_list":["post-3156","page","type-page","status-publish","hentry"],"aioseo_notices":[],"_links":{"self":[{"href":"https:\/\/ftpi.eu\/index.php?rest_route=\/wp\/v2\/pages\/3156","targetHints":{"allow":["GET"]}}],"collection":[{"href":"https:\/\/ftpi.eu\/index.php?rest_route=\/wp\/v2\/pages"}],"about":[{"href":"https:\/\/ftpi.eu\/index.php?rest_route=\/wp\/v2\/types\/page"}],"author":[{"embeddable":true,"href":"https:\/\/ftpi.eu\/index.php?rest_route=\/wp\/v2\/users\/1"}],"replies":[{"embeddable":true,"href":"https:\/\/ftpi.eu\/index.php?rest_route=%2Fwp%2Fv2%2Fcomments&post=3156"}],"version-history":[{"count":9,"href":"https:\/\/ftpi.eu\/index.php?rest_route=\/wp\/v2\/pages\/3156\/revisions"}],"predecessor-version":[{"id":3165,"href":"https:\/\/ftpi.eu\/index.php?rest_route=\/wp\/v2\/pages\/3156\/revisions\/3165"}],"wp:attachment":[{"href":"https:\/\/ftpi.eu\/index.php?rest_route=%2Fwp%2Fv2%2Fmedia&parent=3156"}],"curies":[{"name":"wp","href":"https:\/\/api.w.org\/{rel}","templated":true}]}}